{"id":76,"date":"2021-06-29T10:40:41","date_gmt":"2021-06-29T10:40:41","guid":{"rendered":"https:\/\/knush.ch\/?page_id=76"},"modified":"2025-01-30T08:09:59","modified_gmt":"2025-01-30T08:09:59","slug":"natur","status":"publish","type":"page","link":"https:\/\/knush.ch\/index.php\/natur\/","title":{"rendered":"natur"},"content":{"rendered":"\n<p>Der <strong>f\u00f6rderverein knush<\/strong> und der <strong>verein knush<\/strong> sind im Bereich Natur der Pingwin Planet Naturschutzgruppe angeschlossen. Du kannst gerne auch selbst Hand anlegen bei Freiwilligeneins\u00e4tzen auf dem Gel\u00e4nde von<a href=\"https:\/\/naturhunziken.org\/\"> NATUR HUNZIKEN<\/a>.<\/p>\n\n\n\n<p><\/p>\n\n\n\n<h4 class=\"wp-block-heading\">Das Naturgel\u00e4nde <a href=\"https:\/\/naturhunziken.org\/willkommen-bei-natur-hunziken\/\">NATUR HUNZIKEN<\/a> in Rubigen\/BE<\/h4>\n\n\n\n<figure class=\"wp-block-image size-full\"><img loading=\"lazy\" decoding=\"async\" width=\"960\" height=\"540\" src=\"https:\/\/knush.ch\/wp-content\/uploads\/2024\/04\/PP_01.jpg\" alt=\"\" class=\"wp-image-390\" srcset=\"https:\/\/knush.ch\/wp-content\/uploads\/2024\/04\/PP_01.jpg 960w, https:\/\/knush.ch\/wp-content\/uploads\/2024\/04\/PP_01-300x169.jpg 300w, https:\/\/knush.ch\/wp-content\/uploads\/2024\/04\/PP_01-768x432.jpg 768w\" sizes=\"auto, (max-width: 960px) 100vw, 960px\" \/><figcaption class=\"wp-element-caption\">(c) Pingwin Planet Naturschutzgruppe Hunziken<\/figcaption><\/figure>\n\n\n\n<p>&#8230; ist ein Naturparadies, das Tieren, Pflanzen und anderen Lebewesen auf 43 Hektaren vielf\u00e4ltige Lebensr\u00e4ume \u2013 und Menschen wunderbare Erholungs-, Beobachtungs- und Naturaktivit\u00e4ts-R\u00e4ume bietet.<\/p>\n\n\n\n<p>Du kannst dich auf mehrere Weisen zusammen mit NATUR HUNZIKEN f\u00fcr die wunderbare Natur und Biodiversit\u00e4t in Hunziken einsetzen und dazu beitragen, dass auch n\u00e4chste Generationen dieses Paradies geniessen k\u00f6nnen:<\/p>\n\n\n\n<ul class=\"wp-block-list\">\n<li>indem du in der <a href=\"https:\/\/naturhunziken.org\/willkommen-bei-natur-hunziken\/bei-der-naturschutzgruppe-von-hunziken-mitmachen\/\">Naturschutzgruppe Hunziken aktiv<\/a> wirst;<\/li>\n\n\n\n<li>indem du <a href=\"https:\/\/naturhunziken.org\/willkommen-bei-natur-hunziken\/spenden\/\">f\u00fcr Naturprojekte in Hunziken spendest<\/a>; <\/li>\n<\/ul>\n\n\n\n<p><\/p>\n\n\n\n<p>Interessiert? Hier geht&#8217;s weiter: <a href=\"https:\/\/naturhunziken.org\/\" data-type=\"URL\" data-id=\"https:\/\/hunziken.ppnature.org\/index.php\/hunziken-natur\/\" target=\"_blank\" rel=\"noreferrer noopener\">NATUR HUNZIKEN<\/a><\/p>\n","protected":false},"excerpt":{"rendered":"<p>Der f\u00f6rderverein knush und der verein knush sind im Bereich Natur der Pingwin Planet Naturschutzgruppe angeschlossen. Du kannst gerne auch selbst Hand anlegen bei Freiwilligeneins\u00e4tzen auf dem Gel\u00e4nde von NATUR HUNZIKEN. Das Naturgel\u00e4nde NATUR HUNZIKEN in Rubigen\/BE &#8230; ist ein Naturparadies, das Tieren, Pflanzen und anderen Lebewesen auf 43 Hektaren vielf\u00e4ltige Lebensr\u00e4ume \u2013 und Menschen&hellip; <a class=\"more-link\" href=\"https:\/\/knush.ch\/index.php\/natur\/\"><span class=\"screen-reader-text\">natur<\/span> weiterlesen<\/a><\/p>\n","protected":false},"author":1,"featured_media":0,"parent":0,"menu_order":0,"comment_status":"closed","ping_status":"closed","template":"","meta":{"footnotes":""},"class_list":["post-76","page","type-page","status-publish","hentry","entry"],"_links":{"self":[{"href":"https:\/\/knush.ch\/index.php\/wp-json\/wp\/v2\/pages\/76","targetHints":{"allow":["GET"]}}],"collection":[{"href":"https:\/\/knush.ch\/index.php\/wp-json\/wp\/v2\/pages"}],"about":[{"href":"https:\/\/knush.ch\/index.php\/wp-json\/wp\/v2\/types\/page"}],"author":[{"embeddable":true,"href":"https:\/\/knush.ch\/index.php\/wp-json\/wp\/v2\/users\/1"}],"replies":[{"embeddable":true,"href":"https:\/\/knush.ch\/index.php\/wp-json\/wp\/v2\/comments?post=76"}],"version-history":[{"count":11,"href":"https:\/\/knush.ch\/index.php\/wp-json\/wp\/v2\/pages\/76\/revisions"}],"predecessor-version":[{"id":1002,"href":"https:\/\/knush.ch\/index.php\/wp-json\/wp\/v2\/pages\/76\/revisions\/1002"}],"wp:attachment":[{"href":"https:\/\/knush.ch\/index.php\/wp-json\/wp\/v2\/media?parent=76"}],"curies":[{"name":"wp","href":"https:\/\/api.w.org\/{rel}","templated":true}]}}