{"id":74,"date":"2021-06-29T10:41:25","date_gmt":"2021-06-29T10:41:25","guid":{"rendered":"https:\/\/knush.ch\/?page_id=74"},"modified":"2024-12-27T09:18:18","modified_gmt":"2024-12-27T09:18:18","slug":"bau-infra","status":"publish","type":"page","link":"https:\/\/knush.ch\/index.php\/bau-infra\/","title":{"rendered":"bau &#038; infra"},"content":{"rendered":"\n<div class=\"wp-block-columns is-layout-flex wp-container-core-columns-is-layout-9d6595d7 wp-block-columns-is-layout-flex\">\n<div class=\"wp-block-column is-layout-flow wp-block-column-is-layout-flow\" style=\"flex-basis:100%\"><\/div>\n<\/div>\n\n\n\n<p>Das kleine <strong>Freiwilligennetzwerk<\/strong>, zu dem der Verein KNUSH und der f\u00f6rderverein knush geh\u00f6ren, ist eher ein bauendes als schauendes und eher ein gestaltendes als veranstaltendes V\u00f6lklein. <\/p>\n\n\n\n<figure class=\"wp-block-gallery has-nested-images columns-default is-cropped wp-block-gallery-1 is-layout-flex wp-block-gallery-is-layout-flex\">\n<figure class=\"wp-block-image size-full\"><img loading=\"lazy\" decoding=\"async\" width=\"1440\" height=\"2560\" data-id=\"716\" src=\"https:\/\/knush.ch\/wp-content\/uploads\/2024\/12\/20210517_145043-1-scaled.jpg\" alt=\"\" class=\"wp-image-716\" srcset=\"https:\/\/knush.ch\/wp-content\/uploads\/2024\/12\/20210517_145043-1-scaled.jpg 1440w, https:\/\/knush.ch\/wp-content\/uploads\/2024\/12\/20210517_145043-1-169x300.jpg 169w, https:\/\/knush.ch\/wp-content\/uploads\/2024\/12\/20210517_145043-1-576x1024.jpg 576w, https:\/\/knush.ch\/wp-content\/uploads\/2024\/12\/20210517_145043-1-768x1365.jpg 768w, https:\/\/knush.ch\/wp-content\/uploads\/2024\/12\/20210517_145043-1-864x1536.jpg 864w, https:\/\/knush.ch\/wp-content\/uploads\/2024\/12\/20210517_145043-1-1152x2048.jpg 1152w, https:\/\/knush.ch\/wp-content\/uploads\/2024\/12\/20210517_145043-1-1568x2788.jpg 1568w\" sizes=\"auto, (max-width: 1440px) 100vw, 1440px\" \/><\/figure>\n\n\n\n<figure class=\"wp-block-image size-full\"><img loading=\"lazy\" decoding=\"async\" width=\"2560\" height=\"1152\" data-id=\"693\" src=\"https:\/\/knush.ch\/wp-content\/uploads\/2024\/12\/20230708_113853-scaled.jpg\" alt=\"\" class=\"wp-image-693\" srcset=\"https:\/\/knush.ch\/wp-content\/uploads\/2024\/12\/20230708_113853-scaled.jpg 2560w, https:\/\/knush.ch\/wp-content\/uploads\/2024\/12\/20230708_113853-300x135.jpg 300w, https:\/\/knush.ch\/wp-content\/uploads\/2024\/12\/20230708_113853-1024x461.jpg 1024w, https:\/\/knush.ch\/wp-content\/uploads\/2024\/12\/20230708_113853-768x346.jpg 768w, https:\/\/knush.ch\/wp-content\/uploads\/2024\/12\/20230708_113853-1536x691.jpg 1536w, https:\/\/knush.ch\/wp-content\/uploads\/2024\/12\/20230708_113853-2048x922.jpg 2048w, https:\/\/knush.ch\/wp-content\/uploads\/2024\/12\/20230708_113853-1568x706.jpg 1568w\" sizes=\"auto, (max-width: 2560px) 100vw, 2560px\" \/><\/figure>\n\n\n\n<figure class=\"wp-block-image size-full\"><img loading=\"lazy\" decoding=\"async\" width=\"1154\" height=\"2560\" data-id=\"651\" src=\"https:\/\/knush.ch\/wp-content\/uploads\/2024\/12\/20230708_112804-scaled.jpg\" alt=\"\" class=\"wp-image-651\" srcset=\"https:\/\/knush.ch\/wp-content\/uploads\/2024\/12\/20230708_112804-scaled.jpg 1154w, https:\/\/knush.ch\/wp-content\/uploads\/2024\/12\/20230708_112804-135x300.jpg 135w, https:\/\/knush.ch\/wp-content\/uploads\/2024\/12\/20230708_112804-462x1024.jpg 462w, https:\/\/knush.ch\/wp-content\/uploads\/2024\/12\/20230708_112804-768x1704.jpg 768w, https:\/\/knush.ch\/wp-content\/uploads\/2024\/12\/20230708_112804-692x1536.jpg 692w, https:\/\/knush.ch\/wp-content\/uploads\/2024\/12\/20230708_112804-923x2048.jpg 923w, https:\/\/knush.ch\/wp-content\/uploads\/2024\/12\/20230708_112804-1568x3479.jpg 1568w\" sizes=\"auto, (max-width: 1154px) 100vw, 1154px\" \/><\/figure>\n\n\n\n<figure class=\"wp-block-image size-full\"><img loading=\"lazy\" decoding=\"async\" width=\"2560\" height=\"1154\" data-id=\"644\" src=\"https:\/\/knush.ch\/wp-content\/uploads\/2024\/12\/20230705_113927-scaled.jpg\" alt=\"\" class=\"wp-image-644\" srcset=\"https:\/\/knush.ch\/wp-content\/uploads\/2024\/12\/20230705_113927-scaled.jpg 2560w, https:\/\/knush.ch\/wp-content\/uploads\/2024\/12\/20230705_113927-300x135.jpg 300w, https:\/\/knush.ch\/wp-content\/uploads\/2024\/12\/20230705_113927-1024x462.jpg 1024w, https:\/\/knush.ch\/wp-content\/uploads\/2024\/12\/20230705_113927-768x346.jpg 768w, https:\/\/knush.ch\/wp-content\/uploads\/2024\/12\/20230705_113927-1536x692.jpg 1536w, https:\/\/knush.ch\/wp-content\/uploads\/2024\/12\/20230705_113927-2048x923.jpg 2048w, https:\/\/knush.ch\/wp-content\/uploads\/2024\/12\/20230705_113927-1568x707.jpg 1568w\" sizes=\"auto, (max-width: 2560px) 100vw, 2560px\" \/><\/figure>\n\n\n\n<figure class=\"wp-block-image size-full\"><img loading=\"lazy\" decoding=\"async\" width=\"1920\" height=\"2560\" data-id=\"610\" src=\"https:\/\/knush.ch\/wp-content\/uploads\/2024\/12\/20210831_192709-scaled.jpg\" alt=\"\" class=\"wp-image-610\" srcset=\"https:\/\/knush.ch\/wp-content\/uploads\/2024\/12\/20210831_192709-scaled.jpg 1920w, https:\/\/knush.ch\/wp-content\/uploads\/2024\/12\/20210831_192709-225x300.jpg 225w, https:\/\/knush.ch\/wp-content\/uploads\/2024\/12\/20210831_192709-768x1024.jpg 768w, https:\/\/knush.ch\/wp-content\/uploads\/2024\/12\/20210831_192709-1152x1536.jpg 1152w, https:\/\/knush.ch\/wp-content\/uploads\/2024\/12\/20210831_192709-1536x2048.jpg 1536w, https:\/\/knush.ch\/wp-content\/uploads\/2024\/12\/20210831_192709-1568x2091.jpg 1568w\" sizes=\"auto, (max-width: 1920px) 100vw, 1920px\" \/><\/figure>\n\n\n\n<figure class=\"wp-block-image size-full\"><img loading=\"lazy\" decoding=\"async\" width=\"2560\" height=\"1440\" data-id=\"577\" src=\"https:\/\/knush.ch\/wp-content\/uploads\/2024\/12\/20210602_112049-scaled.jpg\" alt=\"\" class=\"wp-image-577\" srcset=\"https:\/\/knush.ch\/wp-content\/uploads\/2024\/12\/20210602_112049-scaled.jpg 2560w, https:\/\/knush.ch\/wp-content\/uploads\/2024\/12\/20210602_112049-300x169.jpg 300w, https:\/\/knush.ch\/wp-content\/uploads\/2024\/12\/20210602_112049-1024x576.jpg 1024w, https:\/\/knush.ch\/wp-content\/uploads\/2024\/12\/20210602_112049-768x432.jpg 768w, https:\/\/knush.ch\/wp-content\/uploads\/2024\/12\/20210602_112049-1536x864.jpg 1536w, https:\/\/knush.ch\/wp-content\/uploads\/2024\/12\/20210602_112049-2048x1152.jpg 2048w, https:\/\/knush.ch\/wp-content\/uploads\/2024\/12\/20210602_112049-1568x882.jpg 1568w\" sizes=\"auto, (max-width: 2560px) 100vw, 2560px\" \/><\/figure>\n\n\n\n<figure class=\"wp-block-image size-full\"><img loading=\"lazy\" decoding=\"async\" width=\"2560\" height=\"1181\" data-id=\"594\" src=\"https:\/\/knush.ch\/wp-content\/uploads\/2024\/12\/20210617_195053-scaled.jpg\" alt=\"\" class=\"wp-image-594\" srcset=\"https:\/\/knush.ch\/wp-content\/uploads\/2024\/12\/20210617_195053-scaled.jpg 2560w, https:\/\/knush.ch\/wp-content\/uploads\/2024\/12\/20210617_195053-300x138.jpg 300w, https:\/\/knush.ch\/wp-content\/uploads\/2024\/12\/20210617_195053-1024x472.jpg 1024w, https:\/\/knush.ch\/wp-content\/uploads\/2024\/12\/20210617_195053-768x354.jpg 768w, https:\/\/knush.ch\/wp-content\/uploads\/2024\/12\/20210617_195053-1536x709.jpg 1536w, https:\/\/knush.ch\/wp-content\/uploads\/2024\/12\/20210617_195053-2048x945.jpg 2048w, https:\/\/knush.ch\/wp-content\/uploads\/2024\/12\/20210617_195053-1568x723.jpg 1568w\" sizes=\"auto, (max-width: 2560px) 100vw, 2560px\" \/><\/figure>\n\n\n\n<figure class=\"wp-block-image size-full\"><img loading=\"lazy\" decoding=\"async\" width=\"2560\" height=\"1440\" data-id=\"544\" src=\"https:\/\/knush.ch\/wp-content\/uploads\/2024\/12\/20210506_161123-scaled.jpg\" alt=\"\" class=\"wp-image-544\" srcset=\"https:\/\/knush.ch\/wp-content\/uploads\/2024\/12\/20210506_161123-scaled.jpg 2560w, https:\/\/knush.ch\/wp-content\/uploads\/2024\/12\/20210506_161123-300x169.jpg 300w, https:\/\/knush.ch\/wp-content\/uploads\/2024\/12\/20210506_161123-1024x576.jpg 1024w, https:\/\/knush.ch\/wp-content\/uploads\/2024\/12\/20210506_161123-768x432.jpg 768w, https:\/\/knush.ch\/wp-content\/uploads\/2024\/12\/20210506_161123-1536x864.jpg 1536w, https:\/\/knush.ch\/wp-content\/uploads\/2024\/12\/20210506_161123-2048x1152.jpg 2048w, https:\/\/knush.ch\/wp-content\/uploads\/2024\/12\/20210506_161123-1568x882.jpg 1568w\" sizes=\"auto, (max-width: 2560px) 100vw, 2560px\" \/><\/figure>\n\n\n\n<figure class=\"wp-block-image size-full\"><img loading=\"lazy\" decoding=\"async\" width=\"2560\" height=\"1440\" data-id=\"540\" src=\"https:\/\/knush.ch\/wp-content\/uploads\/2024\/12\/20210505_170539-scaled.jpg\" alt=\"\" class=\"wp-image-540\" srcset=\"https:\/\/knush.ch\/wp-content\/uploads\/2024\/12\/20210505_170539-scaled.jpg 2560w, https:\/\/knush.ch\/wp-content\/uploads\/2024\/12\/20210505_170539-300x169.jpg 300w, https:\/\/knush.ch\/wp-content\/uploads\/2024\/12\/20210505_170539-1024x576.jpg 1024w, https:\/\/knush.ch\/wp-content\/uploads\/2024\/12\/20210505_170539-768x432.jpg 768w, https:\/\/knush.ch\/wp-content\/uploads\/2024\/12\/20210505_170539-1536x864.jpg 1536w, https:\/\/knush.ch\/wp-content\/uploads\/2024\/12\/20210505_170539-2048x1152.jpg 2048w, https:\/\/knush.ch\/wp-content\/uploads\/2024\/12\/20210505_170539-1568x882.jpg 1568w\" sizes=\"auto, (max-width: 2560px) 100vw, 2560px\" \/><\/figure>\n\n\n\n<figure class=\"wp-block-image size-full\"><img loading=\"lazy\" decoding=\"async\" width=\"2560\" height=\"1440\" data-id=\"536\" src=\"https:\/\/knush.ch\/wp-content\/uploads\/2024\/12\/20210422_150536-scaled.jpg\" alt=\"\" class=\"wp-image-536\" srcset=\"https:\/\/knush.ch\/wp-content\/uploads\/2024\/12\/20210422_150536-scaled.jpg 2560w, https:\/\/knush.ch\/wp-content\/uploads\/2024\/12\/20210422_150536-300x169.jpg 300w, https:\/\/knush.ch\/wp-content\/uploads\/2024\/12\/20210422_150536-1024x576.jpg 1024w, https:\/\/knush.ch\/wp-content\/uploads\/2024\/12\/20210422_150536-768x432.jpg 768w, https:\/\/knush.ch\/wp-content\/uploads\/2024\/12\/20210422_150536-1536x864.jpg 1536w, https:\/\/knush.ch\/wp-content\/uploads\/2024\/12\/20210422_150536-2048x1152.jpg 2048w, https:\/\/knush.ch\/wp-content\/uploads\/2024\/12\/20210422_150536-1568x882.jpg 1568w\" sizes=\"auto, (max-width: 2560px) 100vw, 2560px\" \/><\/figure>\n\n\n\n<figure class=\"wp-block-image size-full\"><img loading=\"lazy\" decoding=\"async\" width=\"2560\" height=\"1440\" data-id=\"531\" src=\"https:\/\/knush.ch\/wp-content\/uploads\/2024\/12\/20210415_153855-scaled.jpg\" alt=\"\" class=\"wp-image-531\" srcset=\"https:\/\/knush.ch\/wp-content\/uploads\/2024\/12\/20210415_153855-scaled.jpg 2560w, https:\/\/knush.ch\/wp-content\/uploads\/2024\/12\/20210415_153855-300x169.jpg 300w, https:\/\/knush.ch\/wp-content\/uploads\/2024\/12\/20210415_153855-1024x576.jpg 1024w, https:\/\/knush.ch\/wp-content\/uploads\/2024\/12\/20210415_153855-768x432.jpg 768w, https:\/\/knush.ch\/wp-content\/uploads\/2024\/12\/20210415_153855-1536x864.jpg 1536w, https:\/\/knush.ch\/wp-content\/uploads\/2024\/12\/20210415_153855-2048x1152.jpg 2048w, https:\/\/knush.ch\/wp-content\/uploads\/2024\/12\/20210415_153855-1568x882.jpg 1568w\" sizes=\"auto, (max-width: 2560px) 100vw, 2560px\" \/><\/figure>\n\n\n\n<figure class=\"wp-block-image size-full\"><img loading=\"lazy\" decoding=\"async\" width=\"1920\" height=\"2560\" data-id=\"851\" src=\"https:\/\/knush.ch\/wp-content\/uploads\/2024\/12\/20171018_183447-scaled.jpg\" alt=\"\" class=\"wp-image-851\" srcset=\"https:\/\/knush.ch\/wp-content\/uploads\/2024\/12\/20171018_183447-scaled.jpg 1920w, https:\/\/knush.ch\/wp-content\/uploads\/2024\/12\/20171018_183447-225x300.jpg 225w, https:\/\/knush.ch\/wp-content\/uploads\/2024\/12\/20171018_183447-768x1024.jpg 768w, https:\/\/knush.ch\/wp-content\/uploads\/2024\/12\/20171018_183447-1152x1536.jpg 1152w, https:\/\/knush.ch\/wp-content\/uploads\/2024\/12\/20171018_183447-1536x2048.jpg 1536w, https:\/\/knush.ch\/wp-content\/uploads\/2024\/12\/20171018_183447-1568x2091.jpg 1568w\" sizes=\"auto, (max-width: 1920px) 100vw, 1920px\" \/><\/figure>\n\n\n\n<figure class=\"wp-block-image size-full\"><img loading=\"lazy\" decoding=\"async\" width=\"1024\" height=\"759\" data-id=\"173\" src=\"https:\/\/knush.ch\/wp-content\/uploads\/2022\/06\/XRGL4829-1.jpg\" alt=\"\" class=\"wp-image-173\" srcset=\"https:\/\/knush.ch\/wp-content\/uploads\/2022\/06\/XRGL4829-1.jpg 1024w, https:\/\/knush.ch\/wp-content\/uploads\/2022\/06\/XRGL4829-1-300x222.jpg 300w, https:\/\/knush.ch\/wp-content\/uploads\/2022\/06\/XRGL4829-1-768x569.jpg 768w\" sizes=\"auto, (max-width: 1024px) 100vw, 1024px\" \/><\/figure>\n\n\n\n<figure class=\"wp-block-image size-full\"><img loading=\"lazy\" decoding=\"async\" width=\"1440\" height=\"2560\" data-id=\"499\" src=\"https:\/\/knush.ch\/wp-content\/uploads\/2024\/12\/20180716_172034-rotated.jpg\" alt=\"\" class=\"wp-image-499\" srcset=\"https:\/\/knush.ch\/wp-content\/uploads\/2024\/12\/20180716_172034-rotated.jpg 1440w, https:\/\/knush.ch\/wp-content\/uploads\/2024\/12\/20180716_172034-169x300.jpg 169w, https:\/\/knush.ch\/wp-content\/uploads\/2024\/12\/20180716_172034-576x1024.jpg 576w, https:\/\/knush.ch\/wp-content\/uploads\/2024\/12\/20180716_172034-768x1365.jpg 768w, https:\/\/knush.ch\/wp-content\/uploads\/2024\/12\/20180716_172034-864x1536.jpg 864w, https:\/\/knush.ch\/wp-content\/uploads\/2024\/12\/20180716_172034-1152x2048.jpg 1152w\" sizes=\"auto, (max-width: 1440px) 100vw, 1440px\" \/><\/figure>\n\n\n\n<figure class=\"wp-block-image size-full\"><img loading=\"lazy\" decoding=\"async\" width=\"2560\" height=\"1440\" data-id=\"849\" src=\"https:\/\/knush.ch\/wp-content\/uploads\/2024\/12\/20160903_133918-Kopie-scaled.jpg\" alt=\"\" class=\"wp-image-849\" srcset=\"https:\/\/knush.ch\/wp-content\/uploads\/2024\/12\/20160903_133918-Kopie-scaled.jpg 2560w, https:\/\/knush.ch\/wp-content\/uploads\/2024\/12\/20160903_133918-Kopie-300x169.jpg 300w, https:\/\/knush.ch\/wp-content\/uploads\/2024\/12\/20160903_133918-Kopie-1024x576.jpg 1024w, https:\/\/knush.ch\/wp-content\/uploads\/2024\/12\/20160903_133918-Kopie-768x432.jpg 768w, https:\/\/knush.ch\/wp-content\/uploads\/2024\/12\/20160903_133918-Kopie-1536x864.jpg 1536w, https:\/\/knush.ch\/wp-content\/uploads\/2024\/12\/20160903_133918-Kopie-2048x1152.jpg 2048w, https:\/\/knush.ch\/wp-content\/uploads\/2024\/12\/20160903_133918-Kopie-1568x882.jpg 1568w\" sizes=\"auto, (max-width: 2560px) 100vw, 2560px\" \/><\/figure>\n\n\n\n<figure class=\"wp-block-image size-full\"><img loading=\"lazy\" decoding=\"async\" width=\"2560\" height=\"1920\" data-id=\"850\" src=\"https:\/\/knush.ch\/wp-content\/uploads\/2024\/12\/20170126_170433-1-scaled.jpg\" alt=\"\" class=\"wp-image-850\" srcset=\"https:\/\/knush.ch\/wp-content\/uploads\/2024\/12\/20170126_170433-1-scaled.jpg 2560w, https:\/\/knush.ch\/wp-content\/uploads\/2024\/12\/20170126_170433-1-300x225.jpg 300w, https:\/\/knush.ch\/wp-content\/uploads\/2024\/12\/20170126_170433-1-1024x768.jpg 1024w, https:\/\/knush.ch\/wp-content\/uploads\/2024\/12\/20170126_170433-1-768x576.jpg 768w, https:\/\/knush.ch\/wp-content\/uploads\/2024\/12\/20170126_170433-1-1536x1152.jpg 1536w, https:\/\/knush.ch\/wp-content\/uploads\/2024\/12\/20170126_170433-1-2048x1536.jpg 2048w, https:\/\/knush.ch\/wp-content\/uploads\/2024\/12\/20170126_170433-1-1568x1176.jpg 1568w\" sizes=\"auto, (max-width: 2560px) 100vw, 2560px\" \/><\/figure>\n\n\n\n<figure class=\"wp-block-image size-full\"><img loading=\"lazy\" decoding=\"async\" width=\"2560\" height=\"1920\" data-id=\"852\" src=\"https:\/\/knush.ch\/wp-content\/uploads\/2024\/12\/20190516_163152-scaled.jpg\" alt=\"\" class=\"wp-image-852\" srcset=\"https:\/\/knush.ch\/wp-content\/uploads\/2024\/12\/20190516_163152-scaled.jpg 2560w, https:\/\/knush.ch\/wp-content\/uploads\/2024\/12\/20190516_163152-300x225.jpg 300w, https:\/\/knush.ch\/wp-content\/uploads\/2024\/12\/20190516_163152-1024x768.jpg 1024w, https:\/\/knush.ch\/wp-content\/uploads\/2024\/12\/20190516_163152-768x576.jpg 768w, https:\/\/knush.ch\/wp-content\/uploads\/2024\/12\/20190516_163152-1536x1152.jpg 1536w, https:\/\/knush.ch\/wp-content\/uploads\/2024\/12\/20190516_163152-2048x1536.jpg 2048w, https:\/\/knush.ch\/wp-content\/uploads\/2024\/12\/20190516_163152-1568x1176.jpg 1568w\" sizes=\"auto, (max-width: 2560px) 100vw, 2560px\" \/><\/figure>\n\n\n\n<figure class=\"wp-block-image size-full\"><img loading=\"lazy\" decoding=\"async\" width=\"2560\" height=\"1440\" data-id=\"701\" src=\"https:\/\/knush.ch\/wp-content\/uploads\/2024\/12\/20210401_164652-scaled.jpg\" alt=\"\" class=\"wp-image-701\" srcset=\"https:\/\/knush.ch\/wp-content\/uploads\/2024\/12\/20210401_164652-scaled.jpg 2560w, https:\/\/knush.ch\/wp-content\/uploads\/2024\/12\/20210401_164652-300x169.jpg 300w, https:\/\/knush.ch\/wp-content\/uploads\/2024\/12\/20210401_164652-1024x576.jpg 1024w, https:\/\/knush.ch\/wp-content\/uploads\/2024\/12\/20210401_164652-768x432.jpg 768w, https:\/\/knush.ch\/wp-content\/uploads\/2024\/12\/20210401_164652-1536x864.jpg 1536w, https:\/\/knush.ch\/wp-content\/uploads\/2024\/12\/20210401_164652-2048x1152.jpg 2048w, https:\/\/knush.ch\/wp-content\/uploads\/2024\/12\/20210401_164652-1568x882.jpg 1568w\" sizes=\"auto, (max-width: 2560px) 100vw, 2560px\" \/><\/figure>\n\n\n\n<figure class=\"wp-block-image size-full\"><img loading=\"lazy\" decoding=\"async\" width=\"2560\" height=\"1920\" data-id=\"854\" src=\"https:\/\/knush.ch\/wp-content\/uploads\/2024\/12\/20220608_142829-1-scaled.jpg\" alt=\"\" class=\"wp-image-854\" srcset=\"https:\/\/knush.ch\/wp-content\/uploads\/2024\/12\/20220608_142829-1-scaled.jpg 2560w, https:\/\/knush.ch\/wp-content\/uploads\/2024\/12\/20220608_142829-1-300x225.jpg 300w, https:\/\/knush.ch\/wp-content\/uploads\/2024\/12\/20220608_142829-1-1024x768.jpg 1024w, https:\/\/knush.ch\/wp-content\/uploads\/2024\/12\/20220608_142829-1-768x576.jpg 768w, https:\/\/knush.ch\/wp-content\/uploads\/2024\/12\/20220608_142829-1-1536x1152.jpg 1536w, https:\/\/knush.ch\/wp-content\/uploads\/2024\/12\/20220608_142829-1-2048x1536.jpg 2048w, https:\/\/knush.ch\/wp-content\/uploads\/2024\/12\/20220608_142829-1-1568x1176.jpg 1568w\" sizes=\"auto, (max-width: 2560px) 100vw, 2560px\" \/><\/figure>\n\n\n\n<figure class=\"wp-block-image size-full\"><img loading=\"lazy\" decoding=\"async\" width=\"2560\" height=\"1152\" data-id=\"855\" src=\"https:\/\/knush.ch\/wp-content\/uploads\/2024\/12\/20220703_124639-scaled.jpg\" alt=\"\" class=\"wp-image-855\" srcset=\"https:\/\/knush.ch\/wp-content\/uploads\/2024\/12\/20220703_124639-scaled.jpg 2560w, https:\/\/knush.ch\/wp-content\/uploads\/2024\/12\/20220703_124639-300x135.jpg 300w, https:\/\/knush.ch\/wp-content\/uploads\/2024\/12\/20220703_124639-1024x461.jpg 1024w, https:\/\/knush.ch\/wp-content\/uploads\/2024\/12\/20220703_124639-768x346.jpg 768w, https:\/\/knush.ch\/wp-content\/uploads\/2024\/12\/20220703_124639-1536x691.jpg 1536w, https:\/\/knush.ch\/wp-content\/uploads\/2024\/12\/20220703_124639-2048x922.jpg 2048w, https:\/\/knush.ch\/wp-content\/uploads\/2024\/12\/20220703_124639-1568x706.jpg 1568w\" sizes=\"auto, (max-width: 2560px) 100vw, 2560px\" \/><\/figure>\n\n\n\n<figure class=\"wp-block-image size-full\"><img loading=\"lazy\" decoding=\"async\" width=\"2560\" height=\"1154\" data-id=\"856\" src=\"https:\/\/knush.ch\/wp-content\/uploads\/2024\/12\/20220723_105816-1-scaled.jpg\" alt=\"\" class=\"wp-image-856\" srcset=\"https:\/\/knush.ch\/wp-content\/uploads\/2024\/12\/20220723_105816-1-scaled.jpg 2560w, https:\/\/knush.ch\/wp-content\/uploads\/2024\/12\/20220723_105816-1-300x135.jpg 300w, https:\/\/knush.ch\/wp-content\/uploads\/2024\/12\/20220723_105816-1-1024x462.jpg 1024w, https:\/\/knush.ch\/wp-content\/uploads\/2024\/12\/20220723_105816-1-768x346.jpg 768w, https:\/\/knush.ch\/wp-content\/uploads\/2024\/12\/20220723_105816-1-1536x692.jpg 1536w, https:\/\/knush.ch\/wp-content\/uploads\/2024\/12\/20220723_105816-1-2048x923.jpg 2048w, https:\/\/knush.ch\/wp-content\/uploads\/2024\/12\/20220723_105816-1-1568x707.jpg 1568w\" sizes=\"auto, (max-width: 2560px) 100vw, 2560px\" \/><\/figure>\n\n\n\n<figure class=\"wp-block-image size-full\"><img loading=\"lazy\" decoding=\"async\" width=\"2560\" height=\"1154\" data-id=\"857\" src=\"https:\/\/knush.ch\/wp-content\/uploads\/2024\/12\/20220723_154421-scaled.jpg\" alt=\"\" class=\"wp-image-857\" srcset=\"https:\/\/knush.ch\/wp-content\/uploads\/2024\/12\/20220723_154421-scaled.jpg 2560w, https:\/\/knush.ch\/wp-content\/uploads\/2024\/12\/20220723_154421-300x135.jpg 300w, https:\/\/knush.ch\/wp-content\/uploads\/2024\/12\/20220723_154421-1024x462.jpg 1024w, https:\/\/knush.ch\/wp-content\/uploads\/2024\/12\/20220723_154421-768x346.jpg 768w, https:\/\/knush.ch\/wp-content\/uploads\/2024\/12\/20220723_154421-1536x692.jpg 1536w, https:\/\/knush.ch\/wp-content\/uploads\/2024\/12\/20220723_154421-2048x923.jpg 2048w, https:\/\/knush.ch\/wp-content\/uploads\/2024\/12\/20220723_154421-1568x707.jpg 1568w\" sizes=\"auto, (max-width: 2560px) 100vw, 2560px\" \/><\/figure>\n\n\n\n<figure class=\"wp-block-image size-full\"><img loading=\"lazy\" decoding=\"async\" width=\"2560\" height=\"1154\" data-id=\"858\" src=\"https:\/\/knush.ch\/wp-content\/uploads\/2024\/12\/20220728_171110-scaled.jpg\" alt=\"\" class=\"wp-image-858\" srcset=\"https:\/\/knush.ch\/wp-content\/uploads\/2024\/12\/20220728_171110-scaled.jpg 2560w, https:\/\/knush.ch\/wp-content\/uploads\/2024\/12\/20220728_171110-300x135.jpg 300w, https:\/\/knush.ch\/wp-content\/uploads\/2024\/12\/20220728_171110-1024x462.jpg 1024w, https:\/\/knush.ch\/wp-content\/uploads\/2024\/12\/20220728_171110-768x346.jpg 768w, https:\/\/knush.ch\/wp-content\/uploads\/2024\/12\/20220728_171110-1536x692.jpg 1536w, https:\/\/knush.ch\/wp-content\/uploads\/2024\/12\/20220728_171110-2048x923.jpg 2048w, https:\/\/knush.ch\/wp-content\/uploads\/2024\/12\/20220728_171110-1568x707.jpg 1568w\" sizes=\"auto, (max-width: 2560px) 100vw, 2560px\" \/><\/figure>\n\n\n\n<figure class=\"wp-block-image size-full\"><img loading=\"lazy\" decoding=\"async\" width=\"2560\" height=\"1440\" data-id=\"601\" src=\"https:\/\/knush.ch\/wp-content\/uploads\/2024\/12\/20210627_113031-scaled.jpg\" alt=\"\" class=\"wp-image-601\" srcset=\"https:\/\/knush.ch\/wp-content\/uploads\/2024\/12\/20210627_113031-scaled.jpg 2560w, https:\/\/knush.ch\/wp-content\/uploads\/2024\/12\/20210627_113031-300x169.jpg 300w, https:\/\/knush.ch\/wp-content\/uploads\/2024\/12\/20210627_113031-1024x576.jpg 1024w, https:\/\/knush.ch\/wp-content\/uploads\/2024\/12\/20210627_113031-768x432.jpg 768w, https:\/\/knush.ch\/wp-content\/uploads\/2024\/12\/20210627_113031-1536x864.jpg 1536w, https:\/\/knush.ch\/wp-content\/uploads\/2024\/12\/20210627_113031-2048x1152.jpg 2048w, https:\/\/knush.ch\/wp-content\/uploads\/2024\/12\/20210627_113031-1568x882.jpg 1568w\" sizes=\"auto, (max-width: 2560px) 100vw, 2560px\" \/><\/figure>\n\n\n\n<figure class=\"wp-block-image size-full\"><img loading=\"lazy\" decoding=\"async\" width=\"2560\" height=\"1154\" data-id=\"860\" src=\"https:\/\/knush.ch\/wp-content\/uploads\/2024\/12\/20220806_212636-scaled.jpg\" alt=\"\" class=\"wp-image-860\" srcset=\"https:\/\/knush.ch\/wp-content\/uploads\/2024\/12\/20220806_212636-scaled.jpg 2560w, https:\/\/knush.ch\/wp-content\/uploads\/2024\/12\/20220806_212636-300x135.jpg 300w, https:\/\/knush.ch\/wp-content\/uploads\/2024\/12\/20220806_212636-1024x462.jpg 1024w, https:\/\/knush.ch\/wp-content\/uploads\/2024\/12\/20220806_212636-768x346.jpg 768w, https:\/\/knush.ch\/wp-content\/uploads\/2024\/12\/20220806_212636-1536x692.jpg 1536w, https:\/\/knush.ch\/wp-content\/uploads\/2024\/12\/20220806_212636-2048x923.jpg 2048w, https:\/\/knush.ch\/wp-content\/uploads\/2024\/12\/20220806_212636-1568x707.jpg 1568w\" sizes=\"auto, (max-width: 2560px) 100vw, 2560px\" \/><\/figure>\n\n\n\n<figure class=\"wp-block-image size-full\"><img loading=\"lazy\" decoding=\"async\" width=\"2560\" height=\"1920\" data-id=\"861\" src=\"https:\/\/knush.ch\/wp-content\/uploads\/2024\/12\/20220830_184138-scaled.jpg\" alt=\"\" class=\"wp-image-861\" srcset=\"https:\/\/knush.ch\/wp-content\/uploads\/2024\/12\/20220830_184138-scaled.jpg 2560w, https:\/\/knush.ch\/wp-content\/uploads\/2024\/12\/20220830_184138-300x225.jpg 300w, https:\/\/knush.ch\/wp-content\/uploads\/2024\/12\/20220830_184138-1024x768.jpg 1024w, https:\/\/knush.ch\/wp-content\/uploads\/2024\/12\/20220830_184138-768x576.jpg 768w, https:\/\/knush.ch\/wp-content\/uploads\/2024\/12\/20220830_184138-1536x1152.jpg 1536w, https:\/\/knush.ch\/wp-content\/uploads\/2024\/12\/20220830_184138-2048x1536.jpg 2048w, https:\/\/knush.ch\/wp-content\/uploads\/2024\/12\/20220830_184138-1568x1176.jpg 1568w\" sizes=\"auto, (max-width: 2560px) 100vw, 2560px\" \/><\/figure>\n\n\n\n<figure class=\"wp-block-image size-full\"><img loading=\"lazy\" decoding=\"async\" width=\"2560\" height=\"1154\" data-id=\"862\" src=\"https:\/\/knush.ch\/wp-content\/uploads\/2024\/12\/20220910_120055-1-scaled.jpg\" alt=\"\" class=\"wp-image-862\" srcset=\"https:\/\/knush.ch\/wp-content\/uploads\/2024\/12\/20220910_120055-1-scaled.jpg 2560w, https:\/\/knush.ch\/wp-content\/uploads\/2024\/12\/20220910_120055-1-300x135.jpg 300w, https:\/\/knush.ch\/wp-content\/uploads\/2024\/12\/20220910_120055-1-1024x462.jpg 1024w, https:\/\/knush.ch\/wp-content\/uploads\/2024\/12\/20220910_120055-1-768x346.jpg 768w, https:\/\/knush.ch\/wp-content\/uploads\/2024\/12\/20220910_120055-1-1536x692.jpg 1536w, https:\/\/knush.ch\/wp-content\/uploads\/2024\/12\/20220910_120055-1-2048x923.jpg 2048w, https:\/\/knush.ch\/wp-content\/uploads\/2024\/12\/20220910_120055-1-1568x707.jpg 1568w\" sizes=\"auto, (max-width: 2560px) 100vw, 2560px\" \/><\/figure>\n<\/figure>\n\n\n\n<hr class=\"wp-block-separator has-alpha-channel-opacity\"\/>\n","protected":false},"excerpt":{"rendered":"<p>Das kleine Freiwilligennetzwerk, zu dem der Verein KNUSH und der f\u00f6rderverein knush geh\u00f6ren, ist eher ein bauendes als schauendes und eher ein gestaltendes als veranstaltendes V\u00f6lklein.<\/p>\n","protected":false},"author":1,"featured_media":0,"parent":0,"menu_order":0,"comment_status":"closed","ping_status":"closed","template":"","meta":{"footnotes":""},"class_list":["post-74","page","type-page","status-publish","hentry","entry"],"_links":{"self":[{"href":"https:\/\/knush.ch\/index.php\/wp-json\/wp\/v2\/pages\/74","targetHints":{"allow":["GET"]}}],"collection":[{"href":"https:\/\/knush.ch\/index.php\/wp-json\/wp\/v2\/pages"}],"about":[{"href":"https:\/\/knush.ch\/index.php\/wp-json\/wp\/v2\/types\/page"}],"author":[{"embeddable":true,"href":"https:\/\/knush.ch\/index.php\/wp-json\/wp\/v2\/users\/1"}],"replies":[{"embeddable":true,"href":"https:\/\/knush.ch\/index.php\/wp-json\/wp\/v2\/comments?post=74"}],"version-history":[{"count":19,"href":"https:\/\/knush.ch\/index.php\/wp-json\/wp\/v2\/pages\/74\/revisions"}],"predecessor-version":[{"id":876,"href":"https:\/\/knush.ch\/index.php\/wp-json\/wp\/v2\/pages\/74\/revisions\/876"}],"wp:attachment":[{"href":"https:\/\/knush.ch\/index.php\/wp-json\/wp\/v2\/media?parent=74"}],"curies":[{"name":"wp","href":"https:\/\/api.w.org\/{rel}","templated":true}]}}