{"id":431,"date":"2024-12-25T09:29:17","date_gmt":"2024-12-25T09:29:17","guid":{"rendered":"https:\/\/knush.ch\/?page_id=431"},"modified":"2025-07-10T04:38:25","modified_gmt":"2025-07-10T04:38:25","slug":"buehne-am-teich","status":"publish","type":"page","link":"https:\/\/knush.ch\/index.php\/buehne-am-teich\/","title":{"rendered":"b\u00fchne am teich"},"content":{"rendered":"\n<p>Die <strong>b\u00fchne am teich<\/strong> (bei uns auch kurz: <strong>bat<\/strong>) ist eine Openair-Konzertreihe, welche die benachbarte <strong><a href=\"https:\/\/muehlehunziken.ch\/\" target=\"_blank\" rel=\"noreferrer noopener\">M\u00fchle Hunziken<\/a><\/strong> und wir im Februar 2021 per Handschlag ins Leben gerufen und bloss vier Monate sp\u00e4ter erstmals in unserer <strong>knush arena <\/strong>durchgef\u00fchrt haben. Der Handschlag, mit dem die M\u00fchle Hunziken und wir uns gegenseitig und vielen anderen die wunderbare <strong>b\u00fchne am teich<\/strong> erm\u00f6glichten, war viel nachhaltiger als wir dachten: die <strong>b\u00fchne am teich<\/strong> hat nun schon ihre f\u00fcnfte Auflage vor sich.<\/p>\n\n\n\n<p>2021 dauerte die <strong>b\u00fchne am teich<\/strong> zwei Monate (Juli und August) &#8211; damit die M\u00fchle wegen der Pandemie ausgefallene Shows nachholen konnte. Seit 2022 findet die Openair-Konzertreihe innerhalb eines Monats statt und zwar erst im August, u.a. um auf die Brutzeiten vieler V\u00f6gel R\u00fccksicht zu nehmen.<\/p>\n\n\n\n<ul class=\"wp-block-list\">\n<li><a href=\"https:\/\/knush.ch\/index.php\/kultur\/knush-arena\/\"><strong>Geschichte <\/strong>unserer<strong> knush arena<\/strong><\/a><\/li>\n<\/ul>\n\n\n\n<ul class=\"wp-block-list\">\n<li>Programm der n\u00e4chsten <strong>b\u00fchne am teich<\/strong> (ab 2. August 2025): im <a href=\"https:\/\/muehlehunziken.ch\/\" target=\"_blank\" rel=\"noreferrer noopener\"><strong>M\u00fchle<\/strong>&#8211;<\/a><strong><a href=\"https:\/\/muehlehunziken.ch\/\" target=\"_blank\" rel=\"noreferrer noopener\">Programm<\/a> <\/strong>jeweils mit &#8222;Openair&#8220; bezeichnet.<\/li>\n<\/ul>\n\n\n\n<ul class=\"wp-block-list\">\n<li>Wenn du m\u00f6chtest, dass die <strong>b\u00fchne am teich<\/strong> weiterhin in dieser vielf\u00e4ltigen und malerischen Umgebung stattfindet, kannst du Natur Hunziken mit einer <strong>Ticketspende<\/strong> w\u00e4hrend der b\u00fchne am teich <strong>oder<\/strong> mit einer <strong><a href=\"https:\/\/naturhunziken.org\/willkommen-bei-natur-hunziken\/spenden-bewirken\/\" target=\"_blank\" rel=\"noreferrer noopener\">direkten Spende<\/a><\/strong> noch zus\u00e4tzlich unterst\u00fctzen.<\/li>\n<\/ul>\n\n\n\n<ul class=\"wp-block-list\">\n<li><strong>Ticketspende<\/strong> w\u00e4hrend der bat: Wir freuen uns \u00fcber jede <strong>freiwillige Spende von 2 Franken<\/strong> zu Gunsten von <strong><a href=\"https:\/\/naturhunziken.org\/willkommen-bei-natur-hunziken\/\">Natur Hunziken<\/a><\/strong> beim <strong><a href=\"https:\/\/muehlehunziken.ch\/\">Ticketkauf<\/a> <\/strong>f\u00fcr ein Konzert auf der <strong>b\u00fchne am teich<\/strong>. Unsere <strong>knush arena <\/strong>gleich neben der M\u00fchle Hunziken ist Teil des wunderbaren und vielf\u00e4ltigen 43-Hektar-Gel\u00e4ndes von Natur Hunziken &#8211; wo sich nicht nur Campino und Steff la Cheffe, sondern auch Fischotter und Biber Gute Nacht sagen.<\/li>\n<\/ul>\n\n\n\n<p><a href=\"https:\/\/knush.ch\/index.php\/kultur\/knush-arena\/buehne-am-teich-2021\/\">Impressionen von der b\u00fchne am teich 2021<\/a><br><a href=\"https:\/\/knush.ch\/index.php\/kultur\/knush-arena\/buehne-am-teich-2022\/\">Impressionen von der b\u00fchne am teich 2022<\/a><br><a href=\"https:\/\/knush.ch\/index.php\/kultur\/knush-arena\/buehne-am-teich-2023\/\">Impressionen von der b\u00fchne am teich 2023<\/a><br><a href=\"https:\/\/knush.ch\/index.php\/kultur\/knush-arena\/buehne-am-teich-2024\/\">Impressionen von der b\u00fchne am teich 2024<\/a><\/p>\n\n\n\n<figure class=\"wp-block-image size-large\"><img loading=\"lazy\" decoding=\"async\" width=\"1024\" height=\"683\" src=\"https:\/\/knush.ch\/wp-content\/uploads\/2022\/12\/445e48a4-95c2-4fc6-8581-d103e749301c-1024x683.jpg\" alt=\"\" class=\"wp-image-239\" srcset=\"https:\/\/knush.ch\/wp-content\/uploads\/2022\/12\/445e48a4-95c2-4fc6-8581-d103e749301c-1024x683.jpg 1024w, https:\/\/knush.ch\/wp-content\/uploads\/2022\/12\/445e48a4-95c2-4fc6-8581-d103e749301c-300x200.jpg 300w, https:\/\/knush.ch\/wp-content\/uploads\/2022\/12\/445e48a4-95c2-4fc6-8581-d103e749301c-768x512.jpg 768w, https:\/\/knush.ch\/wp-content\/uploads\/2022\/12\/445e48a4-95c2-4fc6-8581-d103e749301c-1536x1024.jpg 1536w, https:\/\/knush.ch\/wp-content\/uploads\/2022\/12\/445e48a4-95c2-4fc6-8581-d103e749301c-1568x1045.jpg 1568w, https:\/\/knush.ch\/wp-content\/uploads\/2022\/12\/445e48a4-95c2-4fc6-8581-d103e749301c.jpg 2048w\" sizes=\"auto, (max-width: 1024px) 100vw, 1024px\" \/><\/figure>\n","protected":false},"excerpt":{"rendered":"<p>Die b\u00fchne am teich (bei uns auch kurz: bat) ist eine Openair-Konzertreihe, welche die benachbarte M\u00fchle Hunziken und wir im Februar 2021 per Handschlag ins Leben gerufen und bloss vier Monate sp\u00e4ter erstmals in unserer knush arena durchgef\u00fchrt haben. Der Handschlag, mit dem die M\u00fchle Hunziken und wir uns gegenseitig und vielen anderen die wunderbare&hellip; <a class=\"more-link\" href=\"https:\/\/knush.ch\/index.php\/buehne-am-teich\/\"><span class=\"screen-reader-text\">b\u00fchne am teich<\/span> weiterlesen<\/a><\/p>\n","protected":false},"author":1,"featured_media":446,"parent":0,"menu_order":0,"comment_status":"closed","ping_status":"closed","template":"","meta":{"footnotes":""},"class_list":["post-431","page","type-page","status-publish","has-post-thumbnail","hentry","entry"],"_links":{"self":[{"href":"https:\/\/knush.ch\/index.php\/wp-json\/wp\/v2\/pages\/431","targetHints":{"allow":["GET"]}}],"collection":[{"href":"https:\/\/knush.ch\/index.php\/wp-json\/wp\/v2\/pages"}],"about":[{"href":"https:\/\/knush.ch\/index.php\/wp-json\/wp\/v2\/types\/page"}],"author":[{"embeddable":true,"href":"https:\/\/knush.ch\/index.php\/wp-json\/wp\/v2\/users\/1"}],"replies":[{"embeddable":true,"href":"https:\/\/knush.ch\/index.php\/wp-json\/wp\/v2\/comments?post=431"}],"version-history":[{"count":17,"href":"https:\/\/knush.ch\/index.php\/wp-json\/wp\/v2\/pages\/431\/revisions"}],"predecessor-version":[{"id":1020,"href":"https:\/\/knush.ch\/index.php\/wp-json\/wp\/v2\/pages\/431\/revisions\/1020"}],"wp:featuredmedia":[{"embeddable":true,"href":"https:\/\/knush.ch\/index.php\/wp-json\/wp\/v2\/media\/446"}],"wp:attachment":[{"href":"https:\/\/knush.ch\/index.php\/wp-json\/wp\/v2\/media?parent=431"}],"curies":[{"name":"wp","href":"https:\/\/api.w.org\/{rel}","templated":true}]}}